{"id":11123,"date":"2026-03-25T08:59:00","date_gmt":"2026-03-25T08:59:00","guid":{"rendered":"https:\/\/bestrate.org\/en\/?page_id=11123"},"modified":"2026-03-25T08:59:01","modified_gmt":"2026-03-25T08:59:01","slug":"payment-gateway","status":"publish","type":"page","link":"https:\/\/bestrate.org\/es\/payment-gateway\/","title":{"rendered":"Crypto Gateway"},"content":{"rendered":" <p>Acepte pagos en USD, EUR, BTC, EOS y m\u00e1s de 120 criptos<\/p> <ul class=\"wp-block-list\"> <li>Acepte pagos en bitcoin, monedas estables y m\u00e1s de 120 criptos<\/li> <li>Acepte pagos en FIAT (USD, EUR, etc.)<\/li> <li>Reciba pagos instant\u00e1neamente en monedas estables (1 token = 1 USD) o ETH, EOS<\/li> <li>Distribuya sus tokens (si tiene token) autom\u00e1ticamente<\/li> <li>Sin retiros, sin intermediarios, pagos directos a su billetera<\/li> <li>Sin comisi\u00f3n<\/li> <li>F\u00e1cil integraci\u00f3n y configuraci\u00f3n<\/li> <\/ul> <h2 class=\"wp-block-heading\">Reg\u00edstrese para una prueba gratuita<\/h2> <div class=\"wp-block-image\"> <figure class=\"alignleft\"><img decoding=\"async\" src=\"https:\/\/web.archive.org\/web\/20230209083225im_\/https:\/\/bestrate.org\/wp-content\/uploads\/2018\/08\/distribution.svg\" alt=\"\"\/><\/figure> <\/div> <p>Distribuci\u00f3n de tokens<\/p> <p>Distribuya los tokens a sus inversores de forma manual o autom\u00e1tica una vez que se complete el pago.<\/p> <p><\/p> <div class=\"wp-block-image\"> <figure class=\"alignleft\"><img decoding=\"async\" src=\"https:\/\/web.archive.org\/web\/20230209083225im_\/https:\/\/bestrate.org\/wp-content\/uploads\/2018\/08\/rates.svg\" alt=\"\"\/><\/figure> <\/div> <p>Tarifas personalizadas<\/p> <p>Controle el tipo de cambio y configure el precio de su token en USD o ETH.<\/p> <p><\/p> <div class=\"wp-block-image\"> <figure class=\"alignleft\"><img decoding=\"async\" src=\"https:\/\/web.archive.org\/web\/20230209083225im_\/https:\/\/bestrate.org\/wp-content\/uploads\/2018\/08\/kyc.svg\" alt=\"\"\/><\/figure> <\/div> <p>KYC basico<\/p> <p>Especifique los campos de texto para que los inversores completen antes de realizar el pago. Use nuestro complemento para reunir selfies y otros documentos espec\u00edficos.<\/p> <p><\/p> <div class=\"wp-block-image\"> <figure class=\"alignleft\"><img decoding=\"async\" src=\"https:\/\/web.archive.org\/web\/20230209083225im_\/https:\/\/bestrate.org\/wp-content\/uploads\/2018\/08\/ranges.svg\" alt=\"\"\/><\/figure> <\/div> <p>Soporte nativo de ETH y EOS<\/p> <p>Nuestra herramienta de pago es totalmente compatible con proyectos basados \u200b\u200ben ETH y EOS. La integraci\u00f3n personalizada est\u00e1 disponible para otras blockchains.<\/p> <div class=\"wp-block-image\"> <figure class=\"alignleft\"><img decoding=\"async\" src=\"https:\/\/web.archive.org\/web\/20230209083225im_\/https:\/\/bestrate.org\/wp-content\/uploads\/2018\/08\/interface.png\" alt=\"\"\/><\/figure> <\/div> <p>Interfaz personalizable<\/p> <p>Cambie los colores de la herramienta para que se ajusten al esquema de color de su proyecto.<\/p> <p><\/p> <div class=\"wp-block-image\"> <figure class=\"alignleft\"><img decoding=\"async\" src=\"https:\/\/web.archive.org\/web\/20230209083225im_\/https:\/\/bestrate.org\/wp-content\/uploads\/2018\/08\/bonus.svg\" alt=\"\"\/><\/figure> <\/div> <p>Bonificaciones y rangos<\/p> <p>Configure bonos autom\u00e1ticos para grandes inversores\/ usuarios. Especifique el monto m\u00ednimo y m\u00e1ximo que sus usuarios pueden pagar.<\/p> <h2 class=\"wp-block-heading\">HOW IT WORKS<\/h2> <p>01. Los inversores\/usuarios pagan con FIAT o cripto usando nuestra herramienta<\/p> <p>02. <strong>Los fondos se convierten<\/strong>\u00a0a su cripto moneda preferida en uno de los cambiadores de cripto al mejor precio.<\/p> <p>03. <strong>Recibe fondos<\/strong>\u00a0en su billetera.<\/p> <p>04. <strong>Los inversores\/usuarios<\/strong> reciben tokens.<\/p> <div class=\"wp-block-image\"> <figure class=\"alignleft is-resized\"><img decoding=\"async\" src=\"https:\/\/web.archive.org\/web\/20230209083225im_\/https:\/\/bestrate.org\/wp-content\/uploads\/2018\/08\/install2.png\" alt=\"\" style=\"width:472px;height:auto\"\/><\/figure> <\/div> <p><strong>Instalaci\u00f3n flexible<\/strong><\/p> <p id=\"tw-target-text\">Nuestro producto es adecuado para casi cualquier entorno de proyecto de blockchain, ya sea que&nbsp;<strong>use un smart-contract<\/strong>(contrato inteligente), cree cuentas de inversores en el sitio web de sus proyectos o se encuentre en la etapa inicial y no tenga ninguno de estos.<\/p> <p>Podemos ofrecer&nbsp;<strong>una instalaci\u00f3n f\u00e1cil de 5 minutos<\/strong>&nbsp;(solo agregue el c\u00f3digo a su sitio web y comience a aceptar pagos), as\u00ed como la integraci\u00f3n de nuestro widget con su contrato inteligente o la funcionalidad de sus cuentas de inversionistas.<\/p> <p>Para los amantes de&nbsp;<strong>las soluciones de TI personalizables<\/strong>, podemos ofrecer integraci\u00f3n a trav\u00e9s de API. Nuestro equipo de t\u00e9cnicos calificados est\u00e1 listo para ayudarlo.<\/p> <p><\/p> <p><strong>Acepta EUR y USD. <\/strong><\/p> <p>Cuando se trata de aceptar FIAT, la mayor\u00eda de los proyectos blockchain encuentran grandes dificultades, porque los bancos prefieren mantenerse alejados de un \u00e1rea tan riesgosa. Sin embargo, no todos los inversores tienen la habilidad t\u00e9cnica suficiente para pagar con cripto, mientras que todos est\u00e1n familiarizados con los pagos habituales con tarjeta. Nuestra herramienta facilita el proceso de pago y puede aumentar sus ganancias hasta un 20%.<\/p> <p>Cuando sus inversores compran sus tokens con FIAT utilizando nuestra herramienta, el dinero se convierte en cripto a la mejor tasa y usted obtiene los fondos directamente en u billetera autom\u00e1ticamente.<\/p> <p><strong>No Hay Nadie En El Medio<\/strong><\/p> <p id=\"tw-target-text\">Olv\u00eddese de los retiros y obtenga sus pagos instant\u00e1neamente en su billetera o contrato inteligente de manera descentralizada.<\/p> <figure class=\"wp-block-image is-resized\"><img decoding=\"async\" src=\"https:\/\/web.archive.org\/web\/20230209083225im_\/https:\/\/bestrate.org\/wp-content\/uploads\/2019\/01\/temp2.png\" alt=\"\" style=\"aspect-ratio:2.487536966624419;width:985px;height:auto\"\/><\/figure> <p>REVIEWS<\/p> <div class=\"wp-block-image\"> <figure class=\"alignleft\"><img decoding=\"async\" src=\"https:\/\/web.archive.org\/web\/20230209083225im_\/https:\/\/bestrate.org\/wp-content\/uploads\/2019\/06\/photo_2019-06-05_14-49-04-150x150.jpg\" alt=\"Przemys\u0142aw Karda\"\/><\/figure> <\/div> <p>\u00a0\u00a0June 3, 2019<\/p> <p>It is super cool software. It accelerate process of coin exchange and what&#8217;s more you can also integrate your own token or coin, like we did with TecraCoin to speed up ICO funds gathering. So, do it! And once more, fees, so low, even if you chose FIAT, there is very competitive fee. Very nice, and thx! Bestrate!<\/p> <p><a href=\"https:\/\/www.facebook.com\/przemyslaw.karda\">Przemys\u0142aw Karda<\/a><\/p> <p>co-Founder TecraCoin<\/p> <p>revisadas\u00a0<a href=\"https:\/\/www.facebook.com\/163701404233899\">BestRate<\/a><\/p> ","protected":false},"excerpt":{"rendered":"<p>Acepte pagos en USD, EUR, BTC, EOS y m\u00e1s de 120 criptos Reg\u00edstrese para una prueba gratuita Distribuci\u00f3n de tokens &#8230;<\/p>\n","protected":false},"author":1,"featured_media":0,"parent":0,"menu_order":0,"comment_status":"closed","ping_status":"closed","template":"","meta":{"_acf_changed":false,"inline_featured_image":false,"footnotes":""},"class_list":["post-11123","page","type-page","status-publish","hentry"],"acf":[],"yoast_head":"<!-- This site is optimized with the Yoast SEO plugin v27.1.1 - https:\/\/yoast.com\/product\/yoast-seo-wordpress\/ -->\n<title>Procesamiento de pagos con criptomonedas y pasarela de pago con m\u00e1s de 120 criptomonedas y monedas fiduciarias para tu negocio<\/title>\n<meta name=\"description\" content=\"Acepta pagos en bitcoin y otras criptomonedas para tu proyecto al instante y aumenta tus beneficios hasta un 20 % con BestRate. Pasarela de pago de tarjeta de cr\u00e9dito a bitcoin (moneda fiduciaria a criptomoneda) y la mejor pasarela de pago en criptomonedas en solo unos clics. Sin comisiones. Procesador de pagos en bitcoin y otras criptomonedas para comercio electr\u00f3nico\" \/>\n<meta name=\"robots\" content=\"index, follow, max-snippet:-1, max-image-preview:large, max-video-preview:-1\" \/>\n<link rel=\"canonical\" href=\"https:\/\/bestrate.org\/es\/payment-gateway\/\" \/>\n<meta property=\"og:locale\" content=\"es\" \/>\n<meta property=\"og:type\" content=\"article\" \/>\n<meta property=\"og:title\" content=\"Procesamiento de pagos con criptomonedas y pasarela de pago con m\u00e1s de 120 criptomonedas y monedas fiduciarias para tu negocio\" \/>\n<meta property=\"og:description\" content=\"Acepta pagos en bitcoin y otras criptomonedas para tu proyecto al instante y aumenta tus beneficios hasta un 20 % con BestRate. Pasarela de pago de tarjeta de cr\u00e9dito a bitcoin (moneda fiduciaria a criptomoneda) y la mejor pasarela de pago en criptomonedas en solo unos clics. Sin comisiones. Procesador de pagos en bitcoin y otras criptomonedas para comercio electr\u00f3nico\" \/>\n<meta property=\"og:url\" content=\"https:\/\/bestrate.org\/es\/payment-gateway\/\" \/>\n<meta property=\"og:site_name\" content=\"BestRate\" \/>\n<meta property=\"article:modified_time\" content=\"2026-03-25T08:59:01+00:00\" \/>\n<meta property=\"og:image\" content=\"https:\/\/web.archive.org\/web\/20230209083225im_\/https:\/\/bestrate.org\/wp-content\/uploads\/2018\/08\/distribution.svg\" \/>\n<meta name=\"twitter:card\" content=\"summary_large_image\" \/>\n<meta name=\"twitter:label1\" content=\"Tiempo de lectura\" \/>\n\t<meta name=\"twitter:data1\" content=\"5 minutos\" \/>\n<!-- \/ Yoast SEO plugin. -->","yoast_head_json":{"title":"Procesamiento de pagos con criptomonedas y pasarela de pago con m\u00e1s de 120 criptomonedas y monedas fiduciarias para tu negocio","description":"Acepta pagos en bitcoin y otras criptomonedas para tu proyecto al instante y aumenta tus beneficios hasta un 20 % con BestRate. Pasarela de pago de tarjeta de cr\u00e9dito a bitcoin (moneda fiduciaria a criptomoneda) y la mejor pasarela de pago en criptomonedas en solo unos clics. Sin comisiones. Procesador de pagos en bitcoin y otras criptomonedas para comercio electr\u00f3nico","robots":{"index":"index","follow":"follow","max-snippet":"max-snippet:-1","max-image-preview":"max-image-preview:large","max-video-preview":"max-video-preview:-1"},"canonical":"https:\/\/bestrate.org\/es\/payment-gateway\/","og_locale":"es","og_type":"article","og_title":"Procesamiento de pagos con criptomonedas y pasarela de pago con m\u00e1s de 120 criptomonedas y monedas fiduciarias para tu negocio","og_description":"Acepta pagos en bitcoin y otras criptomonedas para tu proyecto al instante y aumenta tus beneficios hasta un 20 % con BestRate. Pasarela de pago de tarjeta de cr\u00e9dito a bitcoin (moneda fiduciaria a criptomoneda) y la mejor pasarela de pago en criptomonedas en solo unos clics. Sin comisiones. Procesador de pagos en bitcoin y otras criptomonedas para comercio electr\u00f3nico","og_url":"https:\/\/bestrate.org\/es\/payment-gateway\/","og_site_name":"BestRate","article_modified_time":"2026-03-25T08:59:01+00:00","og_image":[{"url":"https:\/\/web.archive.org\/web\/20230209083225im_\/https:\/\/bestrate.org\/wp-content\/uploads\/2018\/08\/distribution.svg","type":"","width":"","height":""}],"twitter_card":"summary_large_image","twitter_misc":{"Tiempo de lectura":"5 minutos"},"schema":{"@context":"https:\/\/schema.org","@graph":[{"@type":"WebPage","@id":"https:\/\/bestrate.org\/es\/payment-gateway\/","url":"https:\/\/bestrate.org\/es\/payment-gateway\/","name":"Procesamiento de pagos con criptomonedas y pasarela de pago con m\u00e1s de 120 criptomonedas y monedas fiduciarias para tu negocio","isPartOf":{"@id":"https:\/\/bestrate.org\/es\/#website"},"primaryImageOfPage":{"@id":"https:\/\/bestrate.org\/es\/payment-gateway\/#primaryimage"},"image":{"@id":"https:\/\/bestrate.org\/es\/payment-gateway\/#primaryimage"},"thumbnailUrl":"https:\/\/web.archive.org\/web\/20230209083225im_\/https:\/\/bestrate.org\/wp-content\/uploads\/2018\/08\/distribution.svg","datePublished":"2026-03-25T08:59:00+00:00","dateModified":"2026-03-25T08:59:01+00:00","description":"Acepta pagos en bitcoin y otras criptomonedas para tu proyecto al instante y aumenta tus beneficios hasta un 20 % con BestRate. Pasarela de pago de tarjeta de cr\u00e9dito a bitcoin (moneda fiduciaria a criptomoneda) y la mejor pasarela de pago en criptomonedas en solo unos clics. Sin comisiones. Procesador de pagos en bitcoin y otras criptomonedas para comercio electr\u00f3nico","inLanguage":"fr-FR","potentialAction":[{"@type":"ReadAction","target":["https:\/\/bestrate.org\/es\/payment-gateway\/"]}]},{"@type":"ImageObject","inLanguage":"fr-FR","@id":"https:\/\/bestrate.org\/es\/payment-gateway\/#primaryimage","url":"https:\/\/web.archive.org\/web\/20230209083225im_\/https:\/\/bestrate.org\/wp-content\/uploads\/2018\/08\/distribution.svg","contentUrl":"https:\/\/web.archive.org\/web\/20230209083225im_\/https:\/\/bestrate.org\/wp-content\/uploads\/2018\/08\/distribution.svg"},{"@type":"WebSite","@id":"https:\/\/bestrate.org\/es\/#website","url":"https:\/\/bestrate.org\/es\/","name":"BestRate","description":"BestRate","potentialAction":[{"@type":"SearchAction","target":{"@type":"EntryPoint","urlTemplate":"https:\/\/bestrate.org\/es\/?s={search_term_string}"},"query-input":{"@type":"PropertyValueSpecification","valueRequired":true,"valueName":"search_term_string"}}],"inLanguage":"fr-FR"}]}},"_links":{"self":[{"href":"https:\/\/bestrate.org\/es\/wp-json\/wp\/v2\/pages\/11123","targetHints":{"allow":["GET"]}}],"collection":[{"href":"https:\/\/bestrate.org\/es\/wp-json\/wp\/v2\/pages"}],"about":[{"href":"https:\/\/bestrate.org\/es\/wp-json\/wp\/v2\/types\/page"}],"author":[{"embeddable":true,"href":"https:\/\/bestrate.org\/es\/wp-json\/wp\/v2\/users\/1"}],"replies":[{"embeddable":true,"href":"https:\/\/bestrate.org\/es\/wp-json\/wp\/v2\/comments?post=11123"}],"version-history":[{"count":1,"href":"https:\/\/bestrate.org\/es\/wp-json\/wp\/v2\/pages\/11123\/revisions"}],"predecessor-version":[{"id":11124,"href":"https:\/\/bestrate.org\/es\/wp-json\/wp\/v2\/pages\/11123\/revisions\/11124"}],"wp:attachment":[{"href":"https:\/\/bestrate.org\/es\/wp-json\/wp\/v2\/media?parent=11123"}],"curies":[{"name":"wp","href":"https:\/\/api.w.org\/{rel}","templated":true}]}}