{"id":7668,"date":"2024-01-30T14:08:44","date_gmt":"2024-01-30T14:08:44","guid":{"rendered":"https:\/\/bestrate.org\/en\/?page_id=7668"},"modified":"2026-03-25T08:49:24","modified_gmt":"2026-03-25T08:49:24","slug":"el-nuevo-estandar-en-el-procesamiento-de-criptomonedas","status":"publish","type":"page","link":"https:\/\/bestrate.org\/es\/","title":{"rendered":"El nuevo est\u00e1ndar en el procesamiento de criptomonedas"},"content":{"rendered":" <p>Gesti\u00f3n de pagos con criptomonedas para empresas o particulares en Internet<\/p> <ul class=\"wp-block-list\"> <li>Sin comisiones<\/li> <li>Tarifas transparentes<\/li> <li>Cualquier normativa<\/li> <\/ul> <figure class=\"wp-block-image size-full\"><img decoding=\"async\" src=\"https:\/\/bestrate.org\/wp-content\/uploads\/2026\/03\/Robot_NoBckgrnd_UPD.png\" alt=\"Robot_NoBckgrnd_UPD\" class=\"wp-image-13358\"\/><\/figure> <h2 class=\"wp-block-heading\">C\u00f3mo funciona<\/h2> <p>01. Crea una cuenta e integra tu plataforma de intercambio o monedero<\/p> <figure class=\"wp-block-image size-full\"><img decoding=\"async\" src=\"https:\/\/bestrate.org\/wp-content\/uploads\/2026\/03\/adding-exchange.png\" alt=\"adding-exchange\" class=\"wp-image-13357\"\/><\/figure> <h3 class=\"wp-block-heading\">Integraci\u00f3n con<\/h3> <p><a href=\"https:\/\/www.binance.com\/\" target=\"_blank\" rel=\"noreferrer noopener\">Binance<\/a> <a href=\"https:\/\/www.bitfinex.com\/\" target=\"_blank\" rel=\"noreferrer noopener\">Bitfinex<\/a> <a href=\"https:\/\/bitflyer.com\/\" target=\"_blank\" rel=\"noreferrer noopener\">Bitflyer<\/a> <a href=\"https:\/\/www.coinbase.com\/\" target=\"_blank\" rel=\"noreferrer noopener\">Coinbase<\/a> <a href=\"https:\/\/gemini.com\/\" target=\"_blank\" rel=\"noreferrer noopener\">Gemini<\/a> <a href=\"https:\/\/www.kraken.com\/\" target=\"_blank\" rel=\"noreferrer noopener\">Kraken<\/a> <a href=\"https:\/\/www.itbit.com\/\" target=\"_blank\" rel=\"noreferrer noopener\">itbit<\/a> <a href=\"https:\/\/poloniex.com\/\" target=\"_blank\" rel=\"noreferrer noopener\">Poloniex<\/a> <a href=\"https:\/\/bittrex.com\/\" target=\"_blank\" rel=\"noreferrer noopener\">Bittrex<\/a> <a href=\"https:\/\/nl.bitstamp.net\/\" target=\"_blank\" rel=\"noreferrer noopener\">Bitstamp<\/a><\/p> <p>02.\u00a0Configura nuestra API, nuestros complementos o nuestras p\u00e1ginas alojadas para ti o para tu empresa<\/p> <figure class=\"wp-block-image size-large\"><img decoding=\"async\" src=\"https:\/\/bestrate.org\/wp-content\/uploads\/2026\/03\/PP_Settings-644x1024.png\" alt=\"PP_Settings\" class=\"wp-image-13356\"\/><\/figure> <figure class=\"wp-block-image size-full\"><img decoding=\"async\" src=\"https:\/\/bestrate.org\/wp-content\/uploads\/2026\/03\/burakpersonalpayout.png\" alt=\"burakpersonalpayout\" class=\"wp-image-13355\"\/><\/figure> <figure class=\"wp-block-image size-full\"><img decoding=\"async\" src=\"https:\/\/bestrate.org\/wp-content\/uploads\/2026\/03\/CHECKOUT.png\" alt=\"CHECKOUT\" class=\"wp-image-13354\"\/><\/figure> <div class=\"wp-block-image\"> <figure class=\"alignleft\"><img decoding=\"async\" src=\"https:\/\/web.archive.org\/web\/20231220110042im_\/https:\/\/bestrate.org\/wp-content\/uploads\/2018\/08\/shop-white.svg\" alt=\"Hosted page\"\/><\/figure> <\/div> <p><strong>P\u00e1gina alojada<\/strong><\/p> <p>Crea una p\u00e1gina personal o empresarial con una URL \u00fanica para aceptar pagos en criptomonedas<\/p> <p><\/p> <div class=\"wp-block-image\"> <figure class=\"alignleft\"><img decoding=\"async\" src=\"https:\/\/web.archive.org\/web\/20231220110042im_\/https:\/\/bestrate.org\/wp-content\/uploads\/2018\/08\/list-white.svg\" alt=\"Use our API\"\/><\/figure> <\/div> <p><strong>Utiliza nuestra API<\/strong><\/p> <p>Empieza a aceptar pagos con criptomonedas mediante nuestra API<\/p> <p><\/p> <div class=\"wp-block-image\"> <figure class=\"alignleft\"><img decoding=\"async\" src=\"https:\/\/web.archive.org\/web\/20231220110042im_\/https:\/\/bestrate.org\/wp-content\/uploads\/2018\/08\/kyc-white.svg\" alt=\"Use our plugins\"\/><\/figure> <\/div> <p><strong>Utiliza nuestros complementos<\/strong><\/p> <p>Utiliza nuestros complementos para CMS o nuestros complementos de JavaScript<\/p> <p>03.\u00a0Acepta pagos en criptomonedas directamente en tu plataforma de intercambio o monedero<\/p> <figure class=\"wp-block-image size-full\"><img decoding=\"async\" src=\"https:\/\/bestrate.org\/wp-content\/uploads\/2026\/03\/Portfolio-menu.png\" alt=\"Portfolio-menu\" class=\"wp-image-13353\"\/><\/figure> <div class=\"wp-block-image\"> <figure class=\"alignleft is-resized\"><img decoding=\"async\" src=\"https:\/\/web.archive.org\/web\/20231220110042im_\/https:\/\/bestrate.org\/wp-content\/uploads\/2018\/08\/shop-white.svg\" alt=\"Fast\" style=\"width:106px;height:auto\"\/><\/figure> <\/div> <p><strong>R\u00e1pido<\/strong><\/p> <p>La creaci\u00f3n de la cuenta en la plataforma de intercambio de criptomonedas lleva unos minutos, al igual que la integraci\u00f3n<\/p> <p><\/p> <div class=\"wp-block-image\"> <figure class=\"alignleft\"><img decoding=\"async\" src=\"https:\/\/web.archive.org\/web\/20231220110042im_\/https:\/\/bestrate.org\/wp-content\/uploads\/2018\/08\/kyc-white.svg\" alt=\"Safe\"\/><\/figure> <\/div> <p><strong>Seguro<\/strong><\/p> <p>Solo t\u00fa tienes derecho a retirar fondos de tu cuenta<\/p> <p><\/p> <div class=\"wp-block-image\"> <figure class=\"alignleft\"><img decoding=\"async\" src=\"https:\/\/web.archive.org\/web\/20231220110042im_\/https:\/\/bestrate.org\/wp-content\/uploads\/2018\/08\/list-white.svg\" alt=\"Transparent\"\/><\/figure> <\/div> <p><strong>Transparente<\/strong><\/p> <p>Todas las transacciones se realizan a trav\u00e9s de tu cuenta en la plataforma de intercambio de criptomonedas<\/p> <p><\/p> <p>04.\u00a0Utiliza bots de trading de criptomonedas para convertir pagos o fondos de forma autom\u00e1tica<\/p> <figure class=\"wp-block-image size-full\"><img decoding=\"async\" src=\"https:\/\/bestrate.org\/wp-content\/uploads\/2026\/03\/trading-bot.png\" alt=\"trading bot\" class=\"wp-image-13352\"\/><\/figure> <figure class=\"wp-block-image size-full\"><img decoding=\"async\" src=\"https:\/\/bestrate.org\/wp-content\/uploads\/2026\/03\/trader_bots.png\" alt=\"trader_bots\" class=\"wp-image-13351\"\/><\/figure> <div class=\"wp-block-image\"> <figure class=\"alignleft\"><img decoding=\"async\" src=\"https:\/\/web.archive.org\/web\/20231220110042im_\/https:\/\/bestrate.org\/wp-content\/uploads\/2019\/10\/functional-white.svg\" alt=\"Convert automatically\"\/><\/figure> <\/div> <p><strong>Convert automatically<\/strong><\/p> <p>Convert incoming payments to USDT to avoid volatility<\/p> <p><\/p> <div class=\"wp-block-image\"> <figure class=\"alignleft\"><img decoding=\"async\" src=\"https:\/\/web.archive.org\/web\/20231220110042im_\/https:\/\/bestrate.org\/wp-content\/uploads\/2018\/08\/game-white.svg\" alt=\"Exchange funds\"\/><\/figure> <\/div> <p><strong>Fondos de inversi\u00f3n<\/strong><\/p> <p>Utiliza algoritmos inteligentes para realizar transferencias de fondos<\/p> <p><\/p> <div class=\"wp-block-image\"> <figure class=\"alignleft\"><img decoding=\"async\" src=\"https:\/\/web.archive.org\/web\/20231220110042im_\/https:\/\/bestrate.org\/wp-content\/uploads\/2018\/08\/list-white.svg\" alt=\"No fees \"\/><\/figure> <\/div> <p><strong>Sin comisiones<\/strong><\/p> <p>Todos los intercambios se realizan directamente en tu cuenta de la plataforma de intercambio de criptomonedas<\/p> <p>05.\u00a0Consigue el mejor precio para esta oferta limitada a partir de 39 $ al mes<\/p> <p>Empieza tu prueba GRATUITA<\/p> <p>Descubre m\u00e1s sobre los productos de BestRate en nuestro blog<\/p> <p><\/p> ","protected":false},"excerpt":{"rendered":"<p>Gesti\u00f3n de pagos con criptomonedas para empresas o particulares en Internet C\u00f3mo funciona 01. Crea una cuenta e integra tu &#8230;<\/p>\n","protected":false},"author":1,"featured_media":11113,"parent":0,"menu_order":0,"comment_status":"closed","ping_status":"open","template":"","meta":{"_acf_changed":false,"inline_featured_image":false,"footnotes":""},"class_list":["post-7668","page","type-page","status-publish","has-post-thumbnail","hentry"],"acf":[],"yoast_head":"<!-- This site is optimized with the Yoast SEO plugin v27.1.1 - https:\/\/yoast.com\/product\/yoast-seo-wordpress\/ -->\n<title>Gesti\u00f3n de pagos con criptomonedas para negocios en Internet | BestRate<\/title>\n<meta name=\"description\" content=\"Soluci\u00f3n basada en la nube: pasarela de pago de criptomonedas con bots de trading de criptomonedas para facilitar los pagos con criptomonedas. Tanto si eres una empresa que est\u00e1 creando un negocio basado en blockchain como una tienda de comercio electr\u00f3nico dispuesta a aceptar pagos con bitcoins, las API de BestRate, una soluci\u00f3n de procesamiento de criptomonedas lista para usar, te ahorrar\u00e1n tiempo y recursos.\" \/>\n<meta name=\"robots\" content=\"index, follow, max-snippet:-1, max-image-preview:large, max-video-preview:-1\" \/>\n<link rel=\"canonical\" href=\"https:\/\/bestrate.org\/es\/\" \/>\n<meta property=\"og:locale\" content=\"es\" \/>\n<meta property=\"og:type\" content=\"article\" \/>\n<meta property=\"og:title\" content=\"Gesti\u00f3n de pagos con criptomonedas para negocios en Internet | BestRate\" \/>\n<meta property=\"og:description\" content=\"Soluci\u00f3n basada en la nube: pasarela de pago de criptomonedas con bots de trading de criptomonedas para facilitar los pagos con criptomonedas. Tanto si eres una empresa que est\u00e1 creando un negocio basado en blockchain como una tienda de comercio electr\u00f3nico dispuesta a aceptar pagos con bitcoins, las API de BestRate, una soluci\u00f3n de procesamiento de criptomonedas lista para usar, te ahorrar\u00e1n tiempo y recursos.\" \/>\n<meta property=\"og:url\" content=\"https:\/\/bestrate.org\/es\/\" \/>\n<meta property=\"og:site_name\" content=\"BestRate\" \/>\n<meta property=\"article:modified_time\" content=\"2026-03-25T08:49:24+00:00\" \/>\n<meta property=\"og:image\" content=\"https:\/\/bestrate.org\/en\/wp-content\/uploads\/sites\/5\/2026\/03\/logo.png\" \/>\n\t<meta property=\"og:image:width\" content=\"36\" \/>\n\t<meta property=\"og:image:height\" content=\"42\" \/>\n\t<meta property=\"og:image:type\" content=\"image\/png\" \/>\n<meta name=\"twitter:card\" content=\"summary_large_image\" \/>\n<meta name=\"twitter:label1\" content=\"Tiempo de lectura\" \/>\n\t<meta name=\"twitter:data1\" content=\"5 minutos\" \/>\n<!-- \/ Yoast SEO plugin. -->","yoast_head_json":{"title":"Gesti\u00f3n de pagos con criptomonedas para negocios en Internet | BestRate","description":"Soluci\u00f3n basada en la nube: pasarela de pago de criptomonedas con bots de trading de criptomonedas para facilitar los pagos con criptomonedas. Tanto si eres una empresa que est\u00e1 creando un negocio basado en blockchain como una tienda de comercio electr\u00f3nico dispuesta a aceptar pagos con bitcoins, las API de BestRate, una soluci\u00f3n de procesamiento de criptomonedas lista para usar, te ahorrar\u00e1n tiempo y recursos.","robots":{"index":"index","follow":"follow","max-snippet":"max-snippet:-1","max-image-preview":"max-image-preview:large","max-video-preview":"max-video-preview:-1"},"canonical":"https:\/\/bestrate.org\/es\/","og_locale":"es","og_type":"article","og_title":"Gesti\u00f3n de pagos con criptomonedas para negocios en Internet | BestRate","og_description":"Soluci\u00f3n basada en la nube: pasarela de pago de criptomonedas con bots de trading de criptomonedas para facilitar los pagos con criptomonedas. Tanto si eres una empresa que est\u00e1 creando un negocio basado en blockchain como una tienda de comercio electr\u00f3nico dispuesta a aceptar pagos con bitcoins, las API de BestRate, una soluci\u00f3n de procesamiento de criptomonedas lista para usar, te ahorrar\u00e1n tiempo y recursos.","og_url":"https:\/\/bestrate.org\/es\/","og_site_name":"BestRate","article_modified_time":"2026-03-25T08:49:24+00:00","og_image":[{"width":36,"height":42,"url":"https:\/\/bestrate.org\/en\/wp-content\/uploads\/sites\/5\/2026\/03\/logo.png","type":"image\/png"}],"twitter_card":"summary_large_image","twitter_misc":{"Tiempo de lectura":"5 minutos"},"schema":{"@context":"https:\/\/schema.org","@graph":[{"@type":"WebPage","@id":"https:\/\/bestrate.org\/es\/","url":"https:\/\/bestrate.org\/es\/","name":"Gesti\u00f3n de pagos con criptomonedas para negocios en Internet | BestRate","isPartOf":{"@id":"https:\/\/bestrate.org\/es\/#website"},"primaryImageOfPage":{"@id":"https:\/\/bestrate.org\/es\/#primaryimage"},"image":{"@id":"https:\/\/bestrate.org\/es\/#primaryimage"},"thumbnailUrl":"https:\/\/bestrate.org\/es\/wp-content\/uploads\/sites\/5\/2026\/03\/logo.png","datePublished":"2024-01-30T14:08:44+00:00","dateModified":"2026-03-25T08:49:24+00:00","description":"Soluci\u00f3n basada en la nube: pasarela de pago de criptomonedas con bots de trading de criptomonedas para facilitar los pagos con criptomonedas. Tanto si eres una empresa que est\u00e1 creando un negocio basado en blockchain como una tienda de comercio electr\u00f3nico dispuesta a aceptar pagos con bitcoins, las API de BestRate, una soluci\u00f3n de procesamiento de criptomonedas lista para usar, te ahorrar\u00e1n tiempo y recursos.","inLanguage":"fr-FR","potentialAction":[{"@type":"ReadAction","target":["https:\/\/bestrate.org\/es\/"]}]},{"@type":"ImageObject","inLanguage":"fr-FR","@id":"https:\/\/bestrate.org\/es\/#primaryimage","url":"https:\/\/bestrate.org\/es\/wp-content\/uploads\/sites\/5\/2026\/03\/logo.png","contentUrl":"https:\/\/bestrate.org\/es\/wp-content\/uploads\/sites\/5\/2026\/03\/logo.png","width":36,"height":42,"caption":"logo"},{"@type":"WebSite","@id":"https:\/\/bestrate.org\/es\/#website","url":"https:\/\/bestrate.org\/es\/","name":"BestRate","description":"BestRate","potentialAction":[{"@type":"SearchAction","target":{"@type":"EntryPoint","urlTemplate":"https:\/\/bestrate.org\/es\/?s={search_term_string}"},"query-input":{"@type":"PropertyValueSpecification","valueRequired":true,"valueName":"search_term_string"}}],"inLanguage":"fr-FR"}]}},"_links":{"self":[{"href":"https:\/\/bestrate.org\/es\/wp-json\/wp\/v2\/pages\/7668","targetHints":{"allow":["GET"]}}],"collection":[{"href":"https:\/\/bestrate.org\/es\/wp-json\/wp\/v2\/pages"}],"about":[{"href":"https:\/\/bestrate.org\/es\/wp-json\/wp\/v2\/types\/page"}],"author":[{"embeddable":true,"href":"https:\/\/bestrate.org\/es\/wp-json\/wp\/v2\/users\/1"}],"replies":[{"embeddable":true,"href":"https:\/\/bestrate.org\/es\/wp-json\/wp\/v2\/comments?post=7668"}],"version-history":[{"count":1,"href":"https:\/\/bestrate.org\/es\/wp-json\/wp\/v2\/pages\/7668\/revisions"}],"predecessor-version":[{"id":11122,"href":"https:\/\/bestrate.org\/es\/wp-json\/wp\/v2\/pages\/7668\/revisions\/11122"}],"wp:featuredmedia":[{"embeddable":true,"href":"https:\/\/bestrate.org\/es\/wp-json\/wp\/v2\/media\/11113"}],"wp:attachment":[{"href":"https:\/\/bestrate.org\/es\/wp-json\/wp\/v2\/media?parent=7668"}],"curies":[{"name":"wp","href":"https:\/\/api.w.org\/{rel}","templated":true}]}}